{"id":2618,"date":"2018-05-11T15:51:13","date_gmt":"2018-05-11T13:51:13","guid":{"rendered":"https:\/\/www.saettadrivercar.com\/informativa-sui-cookie.html\/"},"modified":"2018-05-12T22:33:26","modified_gmt":"2018-05-12T20:33:26","slug":"informativa-sui-cookie","status":"publish","type":"page","link":"https:\/\/www.saettadrivercar.com\/en\/informativa-sui-cookie","title":{"rendered":"Informativa sui Cookie"},"content":{"rendered":"<div class=\"entry-content\">\n<h2 class=\"contentheading clearfix\">Informativa sui Cookie<\/h2>\n<div class=\"article-content\">\n<p>Per rendere il nostro sito web pi\u00f9 facile ed intuitivo, facciamo uso dei cookie. Utilizziamo i dati raccolti grazie ai cookie per rendere l\u2019esperienza di navigazione pi\u00f9 piacevole e pi\u00f9 efficiente.<\/p>\n<p>I cookie non registrano alcuna informazione personale su un utente e gli eventuali dati identificabili non verranno memorizzati. Se si desidera disabilitare l\u2019uso dei cookie \u00e8 necessario personalizzare le impostazioni del proprio computer impostando la cancellazione di tutti i cookie o attivando un messaggio di avviso quando i cookie vengono memorizzati. Per procedere senza modificare l\u2019applicazione dei cookie \u00e8 sufficiente continuare con la navigazione.<\/p>\n<h3>I tipi di cookie che utilizziamo<\/h3>\n<h4>COOKIE INDISPENSABILI<\/h4>\n<p>Questi cookie sono essenziali al fine di consentire di spostarsi in tutto il sito ed utilizzare a pieno le sue caratteristiche, come ad esempio accedere alle varie aree protette del sito. Senza questi cookie alcuni servizi necessari, come la compilazione di un form non possono essere fruiti.<\/p>\n<p>Utilizzando il nostro sito, l\u2019utente accetta che tali cookie possono essere installati sul proprio dispositivo.<\/p>\n<h4>PERFORMANCE<\/h4>\n<p>Questi cookie raccolgono informazioni su come gli utenti utilizzano un sito web, ad esempio quali sono le pagine pi\u00f9 visitate, se si ricevono messaggi di errore da pagine web. Questi cookie non raccolgono informazioni che identificano un visitatore. Tutte le informazioni raccolte tramite cookie sono aggregate e quindi anonime. Vengono utilizzati solo per migliorare il funzionamento di un sito web.<\/p>\n<p>Utilizzando il nostro sito, l\u2019utente accetta che tali cookie possono essere installati sul proprio dispositivo.<\/p>\n<h4>COOKIE DI FUNZIONALIT\u00c0<\/h4>\n<p>I cookie consentono al sito di ricordare le scelte fatte dall\u2019utente (come la lingua utilizzata) e forniscono funzionalit\u00e0 avanzate personalizzate.<\/p>\n<p>Utilizzando il nostro sito, l\u2019utente accetta che tali cookie possono essere installati sul proprio dispositivo.<\/p>\n<h3>Cookie per l\u2019utilizzo di Google Analytics<\/h3>\n<p>Usiamo Google Analytics per monitorare e comprendere l\u2019utilizzo del sito e per migliorare il contenuto e le offerte sui nostri siti. Utilizziamo i cookies anche per esaminare l\u2019efficacia dei nostri annunci AdWords nelle pagine dei risultati di ricerca di Google. Se ci\u00f2 \u00e8 richiesto dalla legge, Google pu\u00f2 trasferire queste informazioni a terzi, o laddove tali terzi trattino le suddette informazioni per conto di Google. Non possiamo influire su questo. Noi non abbiamo permesso a Google di utilizzare le informazioni raccolte per altri servizi Google. Per ulteriori informazioni si prega di leggere l\u2019informativa sulla\u00a0<a href=\"http:\/\/www.google.com\/intl\/it\/policies\/privacy\/\" target=\"_blank\" rel=\"noopener\">privacy di Google<\/a>\u00a0e la\u00a0<a href=\"https:\/\/support.google.com\/analytics\/answer\/6004245?hl=it\" target=\"_blank\" rel=\"noopener\">privacy policy di Google Analytics<\/a>.<\/p>\n<p>Le informazioni raccolte da Google vengono esaminate anonimamente. Il tuo indirizzo IP non viene esplicitamente trasmesso. Le informazioni vengono trasmesse e depositate presso i server di Google negli Stati Uniti. Google aderisce ai principi Safe Harbor ed \u00e8 affiliato con il programma Safe Harbor del Dipartimento del Commercio degli Stati Uniti. Ci\u00f2 significa che vi \u00e8 un livello adeguato di protezione per il trattamento dei dati personali.<\/p>\n<h3>Come gestire i cookie sul tuo PC<\/h3>\n<p>Se si desidera consentire l\u2019utilizzo dei cookie sul nostro sito, si prega di seguire i passaggi seguenti:<\/p>\n<h4>GOOGLE CHROME<\/h4>\n<ol>\n<li>Clicca su \u201cStrumenti\u201d nella parte superiore della finestra del browser e selezionare Opzioni<\/li>\n<li>Fai clic sulla scheda \u2018Roba da smanettoni\u2019 , individua la sezione \u2018Privacy\u2019, e seleziona il pulsante \u201cImpostazioni contenuto\u201d<\/li>\n<li>Ora seleziona \u2018Consenti dati locali da impostare\u2019<\/li>\n<\/ol>\n<h4>MICROSOFT INTERNET EXPLORER 6.0, 7.0, 8.0, 9.0<\/h4>\n<ol>\n<li>Clicca su \u201cStrumenti\u201d nella parte superiore della finestra del browser e seleziona \u2018Opzioni Internet\u2019, quindi fai clic sulla scheda \u2018Privacy\u2019<\/li>\n<li>Per attivare i cookie nel tuo browser, assicurati che il livello di privacy \u00e8 impostato su Medio o al di sotto,<\/li>\n<li>Impostando il livello di privacy sopra il Medio disattiverai l\u2019utilizzo dei cookies.<\/li>\n<\/ol>\n<h4>MOZILLA FIREFOX<\/h4>\n<ol>\n<li>Clicca su \u201cStrumenti\u201d nella parte superiore della finestra del browser e seleziona \u201cOpzioni\u201d<\/li>\n<li>Quindi seleziona l\u2019icona Privacy<\/li>\n<li>Fai clic su Cookie, quindi seleziona \u2018permetto ai siti l\u2019utilizzo dei cookie\u2019<\/li>\n<\/ol>\n<h4>SAFARI<\/h4>\n<ol>\n<li>Fai clic sull\u2019icona Cog nella parte superiore della finestra del browser e seleziona l\u2019opzione \u201cPreferenze\u201d<\/li>\n<li>Fai clic su \u2018Protezione\u2019, seleziona l\u2019opzione che dice \u2018Blocco di terze parti e di cookie per la pubblicit\u00e0\u2019<\/li>\n<li>Fai clic su \u2018Salva\u2019<\/li>\n<\/ol>\n<h3>Come gestire i cookie su Mac<\/h3>\n<p>Se si desidera consentire l\u2019utilizzo dei cookie sul nostro sito, si prega di seguire i passaggi seguenti:<\/p>\n<h4>MICROSOFT INTERNET EXPLORER 5.0 SU OSX<\/h4>\n<ol>\n<li>Fai clic su \u2018Esplora\u2019 nella parte superiore della finestra del browser e seleziona l\u2019opzione \u201cPreferenze\u201d<\/li>\n<li>Scorri verso il basso fino a visualizzare \u201cCookie\u201d nella sezione File Ricezione<\/li>\n<li>Seleziona l\u2019opzione \u2018Non chiedere\u2019<\/li>\n<\/ol>\n<h4>SAFARI SU OSX<\/h4>\n<ol>\n<li>Fai clic su \u2018Safari\u2019 nella parte superiore della finestra del browser e seleziona l\u2019opzione \u201cPreferenze\u201d<\/li>\n<li>Fai clic su \u2018Sicurezza\u2019 e poi \u2018Accetta i cookie\u2019<\/li>\n<li>Seleziona \u201cSolo dal sito\u201d<\/li>\n<\/ol>\n<h4>MOZILLA E NETSCAPE SU OSX<\/h4>\n<ol>\n<li>Fai clic su \u2018Mozilla\u2019 o \u2018Netscape\u2019 nella parte superiore della finestra del browser e seleziona l\u2019opzione \u201cPreferenze\u201d<\/li>\n<li>Scorri verso il basso fino a visualizzare i cookie sotto \u2018Privacy e sicurezza\u2019<\/li>\n<li>Seleziona \u2018Abilita i cookie solo per il sito di origine\u2019<\/li>\n<\/ol>\n<h4>OPERA<\/h4>\n<ol>\n<li>Fai clic su \u2018Menu\u2019 nella parte superiore della finestra del browser e seleziona \u201cImpostazioni\u201d<\/li>\n<li>Quindi seleziona \u201cPreferenze\u201d, seleziona la scheda \u2018Avanzate\u2019<\/li>\n<li>Quindi seleziona l\u2019opzione \u2018Accetta i cookie \u201c<\/li>\n<\/ol>\n<\/div>\n<\/div>\n","protected":false},"excerpt":{"rendered":"<p>Informativa sui Cookie Per rendere il nostro sito web pi\u00f9 facile ed intuitivo, facciamo uso dei cookie. Utilizziamo i dati raccolti grazie ai cookie per rendere l\u2019esperienza di navigazione pi\u00f9 piacevole e pi\u00f9 efficiente. I cookie non registrano alcuna informazione personale su un utente e gli eventuali dati identificabili non verranno memorizzati. Se si desidera [&hellip;]<\/p>\n","protected":false},"author":1,"featured_media":0,"parent":0,"menu_order":0,"comment_status":"closed","ping_status":"closed","template":"","meta":{"footnotes":""},"yst_prominent_words":[],"class_list":["post-2618","page","type-page","status-publish","hentry"],"_links":{"self":[{"href":"https:\/\/www.saettadrivercar.com\/en\/wp-json\/wp\/v2\/pages\/2618","targetHints":{"allow":["GET"]}}],"collection":[{"href":"https:\/\/www.saettadrivercar.com\/en\/wp-json\/wp\/v2\/pages"}],"about":[{"href":"https:\/\/www.saettadrivercar.com\/en\/wp-json\/wp\/v2\/types\/page"}],"author":[{"embeddable":true,"href":"https:\/\/www.saettadrivercar.com\/en\/wp-json\/wp\/v2\/users\/1"}],"replies":[{"embeddable":true,"href":"https:\/\/www.saettadrivercar.com\/en\/wp-json\/wp\/v2\/comments?post=2618"}],"version-history":[{"count":0,"href":"https:\/\/www.saettadrivercar.com\/en\/wp-json\/wp\/v2\/pages\/2618\/revisions"}],"wp:attachment":[{"href":"https:\/\/www.saettadrivercar.com\/en\/wp-json\/wp\/v2\/media?parent=2618"}],"wp:term":[{"taxonomy":"yst_prominent_words","embeddable":true,"href":"https:\/\/www.saettadrivercar.com\/en\/wp-json\/wp\/v2\/yst_prominent_words?post=2618"}],"curies":[{"name":"wp","href":"https:\/\/api.w.org\/{rel}","templated":true}]}}