{"id":2614,"date":"2018-05-11T16:01:39","date_gmt":"2018-05-11T14:01:39","guid":{"rendered":"https:\/\/www.saettadrivercar.com\/note-legali.html\/"},"modified":"2018-05-12T22:30:54","modified_gmt":"2018-05-12T20:30:54","slug":"note-legali","status":"publish","type":"page","link":"https:\/\/www.saettadrivercar.com\/en\/note-legali","title":{"rendered":"Note legali"},"content":{"rendered":"<h1>Informativa al trattamento dei dati personali<\/h1>\n<h2>ai sensi del D.Lgs. 196\/2003 \u201cCodice in materia di protezione dei dati personali\u201d<\/h2>\n<p>Questa informativa \u00e8 resa ai sensi dell&#8217;art. 13 del Decreto legislativo n. 196\/2003 &#8211; Codice in materia di protezione dei dati personali ed \u00e8 rivolta a chi interagisce con i servizi web di SaettaDriverCar di Pieri Gianni con sede in Compiobbi &#8211; Fiesole &#8211; FI, in Via Calcinaia, 1 \/A (di seguito SaettaDriverCar) accessibili per via telematica all&#8217;indirizzo www.saettadrivercar.com &#8211; pagina iniziale del sito ufficiale dell&#8217;Azienda.<\/p>\n<p><strong>TITOLARE DEL TRATTAMENTO<\/strong><\/p>\n<p>Il titolare del trattamento dei dati personali \u00e8 il titolare dell&#8217;Azienda, il Sig. Pieri Gianni, con sede in Vi Calcinaia, 1\/A &#8211; Compiobbi &#8211; Fiesole &#8211; FI.<\/p>\n<p><strong>FINALITA&#8217; DEL TRATTAMENTO<br \/>\n<\/strong><\/p>\n<p>I dati da Lei forniti verranno trattati per le finalit\u00e0 strettamente connesse alla gestione ed esecuzione dell\u2019incarico da Lei affidatoci, in conformit\u00e0 allo scopo per cui \u00e8 stato conferito o per finalit\u00e0 comunque connesse e\/o strumentali allo svolgimento degli incarichi affidati.<br \/>\nIn particolare, i dati raccolti saranno utilizzati da SaettaDriverCar solo ed unicamente per le finalit\u00e0 qui di seguito descritte:<br \/>\na) esecuzione del contratto con Voi stipulato;<br \/>\nb) adempimento degli obblighi di legge connessi al rapporto contrattuale;<br \/>\nc) gestione organizzativa del contratto;<br \/>\nd) eventuali collaborazioni professionali esterne per l\u2019adempimento degli obblighi di legge;<br \/>\ne) tutela dei diritti contrattuali;<\/p>\n<p>Il conferimento dei dati da ritenersi obbligatorio, ne consegue pertanto che, l\u2019eventuale rifiuto potr\u00e0 determinare, da parte di SaettaDriverCar l\u2019impossibilit\u00e0 di dar corso ai rapporti contrattuali medesimi ed ai conseguenti obblighi di legge.<\/p>\n<p>I dati sensibili da Lei forniti verranno trattati, nei limiti dell\u2019Autorizzazione generale del garante nr. 6\/2014 pubblicata su G.U. n. 301 del 30 dicembre 2014.<\/p>\n<p><strong>Dati forniti volontariamente dall\u2019utente<\/strong><br \/>\nI dati che lei comunicher\u00e0, tramite il presente sito (compilando form, inviando e mail\u2026) a SaettaDriverCar saranno utilizzati per lo svolgimento della richiesta da lei inoltrata. L\u2019invio facoltativo, esplicito e volontario di posta elettronica agli indirizzi indicati su questo sito comporta la successiva acquisizione dell\u2019indirizzo del mittente, necessario anche per rispondere alle richieste, nonch\u00e9 degli eventuali altri dati personali inseriti nella missiva.<\/p>\n<p><strong>MODALITA&#8217; DI TRATTAMENTO<\/strong><\/p>\n<p>I dati personali sono trattati con strumenti automatizzati per il tempo strettamente necessario a conseguire gli scopi per cui sono stati raccolti. Specifiche misure di sicurezza sono osservate per prevenire la perdita dei dati, usi illeciti o non corretti ed accessi non autorizzati. Nessun dato derivante dal servizio web viene comunicato o diffuso. I dati personali forniti dagli utenti che inoltrano richieste di servizio sono utilizzati al solo fine di eseguire il servizio stesso o la prestazione richiesta e sono comunicati a terzi nel solo caso in cui ci\u00f2 sia a tal fine necessario.<\/p>\n<p><strong>LUOGO DI TRATTAMENTO DEI DATI<\/strong><\/p>\n<p>I trattamenti connessi ai servizi web di questo sito hanno luogo presso la predetta sede e sono curati solo dal Titolare incaricato del trattamento.<\/p>\n<p><strong>DIRITTI DEGLI INTERESSATI<\/strong><\/p>\n<p>I soggetti cui si riferiscono i dati personali hanno il diritto in qualunque momento di ottenere la conferma dell&#8217;esistenza o meno dei medesimi dati e di conoscerne il contenuto e l&#8217;origine, verificarne l&#8217;esattezza o chiederne l&#8217;integrazione o l&#8217;aggiornamento, oppure la rettificazione (art. 7 del Decreto legislativo n. 196\/2003).<br \/>\nAi sensi del medesimo articolo si ha il diritto di chiedere la cancellazione, la trasformazione in forma anonima o il blocco dei dati trattati in violazione di legge, nonch\u00e9 di opporsi in ogni caso, per motivi legittimi, al loro trattamento.<\/p>\n<p><strong><br \/>\nACCESSO A SITI ESTERNI COLLEGATI<\/strong><\/p>\n<p>SaettaDriverCar non ha alcuna responsabilit\u00e0 per quanto riguarda i contenuti di siti esterni ai quali \u00e8 possibile accedere tramite collegamenti posti all&#8217;interno del sito https:\/\/www.saettadrivercar.com , forniti come semplice servizio agli utenti della rete.<\/p>\n<p><strong><br \/>\nUTILIZZO DEI COOKIES<\/strong><\/p>\n<p>Per maggiori informazioni consultare la sezione dedicata all&#8217;<a href=\"\/?page_id=2594\" target=\"_blank\" rel=\"noopener\">informativa sui cookies<\/a>.<\/p>\n","protected":false},"excerpt":{"rendered":"<p>Informativa al trattamento dei dati personali ai sensi del D.Lgs. 196\/2003 \u201cCodice in materia di protezione dei dati personali\u201d Questa informativa \u00e8 resa ai sensi dell&#8217;art. 13 del Decreto legislativo n. 196\/2003 &#8211; Codice in materia di protezione dei dati personali ed \u00e8 rivolta a chi interagisce con i servizi web di SaettaDriverCar di Pieri [&hellip;]<\/p>\n","protected":false},"author":1,"featured_media":0,"parent":0,"menu_order":0,"comment_status":"closed","ping_status":"closed","template":"blank.php","meta":{"footnotes":""},"yst_prominent_words":[1215,1212,1195,1191,1222,1189,1188,1216,1213,1221,1217,1196,1192,1224,1220,1197,1193,1214,1194,1211],"class_list":["post-2614","page","type-page","status-publish","hentry"],"_links":{"self":[{"href":"https:\/\/www.saettadrivercar.com\/en\/wp-json\/wp\/v2\/pages\/2614","targetHints":{"allow":["GET"]}}],"collection":[{"href":"https:\/\/www.saettadrivercar.com\/en\/wp-json\/wp\/v2\/pages"}],"about":[{"href":"https:\/\/www.saettadrivercar.com\/en\/wp-json\/wp\/v2\/types\/page"}],"author":[{"embeddable":true,"href":"https:\/\/www.saettadrivercar.com\/en\/wp-json\/wp\/v2\/users\/1"}],"replies":[{"embeddable":true,"href":"https:\/\/www.saettadrivercar.com\/en\/wp-json\/wp\/v2\/comments?post=2614"}],"version-history":[{"count":0,"href":"https:\/\/www.saettadrivercar.com\/en\/wp-json\/wp\/v2\/pages\/2614\/revisions"}],"wp:attachment":[{"href":"https:\/\/www.saettadrivercar.com\/en\/wp-json\/wp\/v2\/media?parent=2614"}],"wp:term":[{"taxonomy":"yst_prominent_words","embeddable":true,"href":"https:\/\/www.saettadrivercar.com\/en\/wp-json\/wp\/v2\/yst_prominent_words?post=2614"}],"curies":[{"name":"wp","href":"https:\/\/api.w.org\/{rel}","templated":true}]}}